{"id":361,"date":"2020-04-03T15:05:27","date_gmt":"2020-04-03T15:05:27","guid":{"rendered":"https:\/\/gaspard.qodeinteractive.com\/?page_id=361"},"modified":"2024-11-28T23:27:49","modified_gmt":"2024-11-28T23:27:49","slug":"our-menu","status":"publish","type":"page","link":"https:\/\/josefina.combai.cr\/?page_id=361","title":{"rendered":"Men\u00fa"},"content":{"rendered":"\t\t<div data-elementor-type=\"wp-post\" data-elementor-id=\"361\" class=\"elementor elementor-361\">\n\t\t\t\t\t\t<section class=\"elementor-section elementor-top-section elementor-element elementor-element-c6959ba elementor-section-full_width elementor-section-height-default elementor-section-height-default qodef-elementor-content-no\" data-id=\"c6959ba\" data-element_type=\"section\" data-e-type=\"section\">\n\t\t\t\t\t\t<div class=\"elementor-container elementor-column-gap-no\">\n\t\t\t\t\t<div class=\"elementor-column elementor-col-33 elementor-top-column elementor-element elementor-element-f8a2654\" data-id=\"f8a2654\" data-element_type=\"column\" data-e-type=\"column\">\n\t\t\t<div class=\"elementor-widget-wrap elementor-element-populated\">\n\t\t\t\t\t\t<div class=\"elementor-element elementor-element-3400b90 elementor-widget elementor-widget-gaspard_core_banner\" data-id=\"3400b90\" data-element_type=\"widget\" data-e-type=\"widget\" data-widget_type=\"gaspard_core_banner.default\">\n\t\t\t\t<div class=\"elementor-widget-container\">\n\t\t\t\t\t<div class=\"qodef-shortcode qodef-m  qodef-banner qodef-layout--link-overlay\">\n\t<div class=\"qodef-m-image\">\n\t<img fetchpriority=\"high\" decoding=\"async\" width=\"1000\" height=\"640\" src=\"https:\/\/josefina.combai.cr\/wp-content\/uploads\/2020\/04\/h1-banner-img-01.jpg\" class=\"attachment-full size-full\" alt=\"h1-banner-img-01\" srcset=\"https:\/\/josefina.combai.cr\/wp-content\/uploads\/2020\/04\/h1-banner-img-01.jpg 1000w, https:\/\/josefina.combai.cr\/wp-content\/uploads\/2020\/04\/h1-banner-img-01-600x384.jpg 600w, https:\/\/josefina.combai.cr\/wp-content\/uploads\/2020\/04\/h1-banner-img-01-300x192.jpg 300w, https:\/\/josefina.combai.cr\/wp-content\/uploads\/2020\/04\/h1-banner-img-01-768x492.jpg 768w\" sizes=\"(max-width: 1000px) 100vw, 1000px\" \/><\/div>\t<div class=\"qodef-m-content\">\n\t\t<div class=\"qodef-m-content-inner\">\n\t\t\t\t<h2 class=\"qodef-m-title\" >\n\tCaf\u00e9\t<\/h2>\n\t\t\t\t<p class=\"qodef-m-text\" >\n\tNuestras especialidades en caf\u00e9\t<\/p>\n\t\t<\/div>\n\t<\/div>\n\t<a itemprop=\"url\" href=\"#\" class=\"qodef-m-banner-link\" target=\"_self\"><\/a>\n<\/div>\t\t\t\t<\/div>\n\t\t\t\t<\/div>\n\t\t\t\t\t<\/div>\n\t\t<\/div>\n\t\t\t\t<div class=\"elementor-column elementor-col-33 elementor-top-column elementor-element elementor-element-38c1bcf\" data-id=\"38c1bcf\" data-element_type=\"column\" data-e-type=\"column\">\n\t\t\t<div class=\"elementor-widget-wrap elementor-element-populated\">\n\t\t\t\t\t\t<div class=\"elementor-element elementor-element-73b02de elementor-widget elementor-widget-gaspard_core_banner\" data-id=\"73b02de\" data-element_type=\"widget\" data-e-type=\"widget\" data-widget_type=\"gaspard_core_banner.default\">\n\t\t\t\t<div class=\"elementor-widget-container\">\n\t\t\t\t\t<div class=\"qodef-shortcode qodef-m  qodef-banner qodef-layout--link-overlay\">\n\t<div class=\"qodef-m-image\">\n\t<img decoding=\"async\" width=\"1000\" height=\"640\" src=\"https:\/\/josefina.combai.cr\/wp-content\/uploads\/2020\/04\/h1-banner-img-02.jpg\" class=\"attachment-full size-full\" alt=\"h1-banner-img-02\" srcset=\"https:\/\/josefina.combai.cr\/wp-content\/uploads\/2020\/04\/h1-banner-img-02.jpg 1000w, https:\/\/josefina.combai.cr\/wp-content\/uploads\/2020\/04\/h1-banner-img-02-600x384.jpg 600w, https:\/\/josefina.combai.cr\/wp-content\/uploads\/2020\/04\/h1-banner-img-02-300x192.jpg 300w, https:\/\/josefina.combai.cr\/wp-content\/uploads\/2020\/04\/h1-banner-img-02-768x492.jpg 768w\" sizes=\"(max-width: 1000px) 100vw, 1000px\" \/><\/div>\t<div class=\"qodef-m-content\">\n\t\t<div class=\"qodef-m-content-inner\">\n\t\t\t\t<h2 class=\"qodef-m-title\" >\n\tReposter\u00eda\t<\/h2>\n\t\t\t\t<p class=\"qodef-m-text\" >\n\tDulces acompa\u00f1amientos\t<\/p>\n\t\t<\/div>\n\t<\/div>\n\t<a itemprop=\"url\" href=\"#\" class=\"qodef-m-banner-link\" target=\"_self\"><\/a>\n<\/div>\t\t\t\t<\/div>\n\t\t\t\t<\/div>\n\t\t\t\t\t<\/div>\n\t\t<\/div>\n\t\t\t\t<div class=\"elementor-column elementor-col-33 elementor-top-column elementor-element elementor-element-864236d\" data-id=\"864236d\" data-element_type=\"column\" data-e-type=\"column\">\n\t\t\t<div class=\"elementor-widget-wrap elementor-element-populated\">\n\t\t\t\t\t\t<div class=\"elementor-element elementor-element-0709257 elementor-widget elementor-widget-gaspard_core_banner\" data-id=\"0709257\" data-element_type=\"widget\" data-e-type=\"widget\" data-widget_type=\"gaspard_core_banner.default\">\n\t\t\t\t<div class=\"elementor-widget-container\">\n\t\t\t\t\t<div class=\"qodef-shortcode qodef-m  qodef-banner qodef-layout--link-overlay\">\n\t<div class=\"qodef-m-image\">\n\t<img decoding=\"async\" width=\"1000\" height=\"640\" src=\"https:\/\/josefina.combai.cr\/wp-content\/uploads\/2020\/04\/h1-banner-img-03.jpg\" class=\"attachment-full size-full\" alt=\"h1-banner-img-03\" srcset=\"https:\/\/josefina.combai.cr\/wp-content\/uploads\/2020\/04\/h1-banner-img-03.jpg 1000w, https:\/\/josefina.combai.cr\/wp-content\/uploads\/2020\/04\/h1-banner-img-03-600x384.jpg 600w, https:\/\/josefina.combai.cr\/wp-content\/uploads\/2020\/04\/h1-banner-img-03-300x192.jpg 300w, https:\/\/josefina.combai.cr\/wp-content\/uploads\/2020\/04\/h1-banner-img-03-768x492.jpg 768w\" sizes=\"(max-width: 1000px) 100vw, 1000px\" \/><\/div>\t<div class=\"qodef-m-content\">\n\t\t<div class=\"qodef-m-content-inner\">\n\t\t\t\t<h2 class=\"qodef-m-title\" >\n\tRefrescos\t<\/h2>\n\t\t\t\t<p class=\"qodef-m-text\" >\n\tGaseosas y Kombuchas\t<\/p>\n\t\t<\/div>\n\t<\/div>\n\t<a itemprop=\"url\" href=\"#\" class=\"qodef-m-banner-link\" target=\"_self\"><\/a>\n<\/div>\t\t\t\t<\/div>\n\t\t\t\t<\/div>\n\t\t\t\t\t<\/div>\n\t\t<\/div>\n\t\t\t\t\t<\/div>\n\t\t<\/section>\n\t\t\t\t<section class=\"elementor-section elementor-top-section elementor-element elementor-element-2485f60 elementor-section-full_width qodef-elementor-content-grid elementor-section-height-default elementor-section-height-default\" data-id=\"2485f60\" data-element_type=\"section\" data-e-type=\"section\">\n\t\t\t\t\t\t<div class=\"elementor-container elementor-column-gap-no\">\n\t\t\t\t\t<div class=\"elementor-column elementor-col-100 elementor-top-column elementor-element elementor-element-93a07ac\" data-id=\"93a07ac\" data-element_type=\"column\" data-e-type=\"column\">\n\t\t\t<div class=\"elementor-widget-wrap elementor-element-populated\">\n\t\t\t\t\t\t<div class=\"elementor-element elementor-element-723b738 elementor-widget elementor-widget-gaspard_core_section_title\" data-id=\"723b738\" data-element_type=\"widget\" data-e-type=\"widget\" data-widget_type=\"gaspard_core_section_title.default\">\n\t\t\t\t<div class=\"elementor-widget-container\">\n\t\t\t\t\t<div class=\"qodef-shortcode qodef-m  qodef-section-title qodef-alignment--center  qodef--has-appear\">\n\t\t<h3 class=\"qodef-m-title\" style=\"color: #F1EEDD\">\n\tReposter\u00eda\t<\/h3>\n\t\t<p class=\"qodef-m-subtitle\" style=\"margin-top: -5px;padding: 0 31%\">Dulces acompa\u00f1amientos<\/p>\n\t\t\t<\/div>\t\t\t\t<\/div>\n\t\t\t\t<\/div>\n\t\t\t\t\t<\/div>\n\t\t<\/div>\n\t\t\t\t\t<\/div>\n\t\t<\/section>\n\t\t\t\t<section class=\"elementor-section elementor-top-section elementor-element elementor-element-e1df376 elementor-section-full_width qodef-elementor-content-grid elementor-section-height-default elementor-section-height-default\" data-id=\"e1df376\" data-element_type=\"section\" data-e-type=\"section\">\n\t\t\t\t\t\t<div class=\"elementor-container elementor-column-gap-no\">\n\t\t\t\t\t<div class=\"elementor-column elementor-col-50 elementor-top-column elementor-element elementor-element-aa2f7cd\" data-id=\"aa2f7cd\" data-element_type=\"column\" data-e-type=\"column\">\n\t\t\t<div class=\"elementor-widget-wrap elementor-element-populated\">\n\t\t\t\t\t\t<div class=\"elementor-element elementor-element-ac6b5fc elementor-widget elementor-widget-gaspard_core_restaurant_menu_list\" data-id=\"ac6b5fc\" data-element_type=\"widget\" data-e-type=\"widget\" data-widget_type=\"gaspard_core_restaurant_menu_list.default\">\n\t\t\t\t<div class=\"elementor-widget-container\">\n\t\t\t\t\t<div class=\"qodef-shortcode qodef-m  qodef-restaurant-menu-list qodef-skin--light qodef-grid qodef-layout--columns  qodef-gutter--normal qodef-col-num--1  qodef-item-layout--info-standard qodef-responsive--predefined\">\n\t<div class=\"qodef-grid-inner clear\">\n\t\t<div class=\"qodef-e qodef-grid-item\">\n\t\t<div class=\"qodef-e-inner\">\n\t\t<div class=\"qodef-e-heading\">\n\t\t\t<h5 class=\"qodef-e-heading-title\">\n\t\t\t\tCosmic Brownie\t\t\t<\/h5>\n\t\t\t<div class=\"qodef-e-heading-line\"><\/div>\n\t\t\t\t\t\t\t<p class=\"qodef-e-heading-price\">\u00a21795<\/p>\n\t\t\t\t\t<\/div>\n\t\t\t<\/div>\n<\/div>\n\n<div class=\"qodef-e qodef-grid-item\">\n\t\t<div class=\"qodef-e-inner\">\n\t\t<div class=\"qodef-e-heading\">\n\t\t\t<h5 class=\"qodef-e-heading-title\">\n\t\t\t\tGalleta Bark\t\t\t<\/h5>\n\t\t\t<div class=\"qodef-e-heading-line\"><\/div>\n\t\t\t\t\t\t\t<p class=\"qodef-e-heading-price\">\u00a21595<\/p>\n\t\t\t\t\t<\/div>\n\t\t\t\t\t<p class=\"qodef-e-description\">\n\t\t\t\tMan\u00ed, chocolate, ritz, caramelo\t\t\t<\/p>\n\t\t\t<\/div>\n<\/div>\n\n<div class=\"qodef-e qodef-grid-item\">\n\t\t<div class=\"qodef-e-inner\">\n\t\t<div class=\"qodef-e-heading\">\n\t\t\t<h5 class=\"qodef-e-heading-title\">\n\t\t\t\tGalleta de chips de chocolate\t\t\t<\/h5>\n\t\t\t<div class=\"qodef-e-heading-line\"><\/div>\n\t\t\t\t\t\t\t<p class=\"qodef-e-heading-price\">\u00a21595<\/p>\n\t\t\t\t\t<\/div>\n\t\t\t<\/div>\n<\/div>\n\n\t<\/div>\n<\/div>\t\t\t\t<\/div>\n\t\t\t\t<\/div>\n\t\t\t\t\t<\/div>\n\t\t<\/div>\n\t\t\t\t<div class=\"elementor-column elementor-col-50 elementor-top-column elementor-element elementor-element-6d749ed\" data-id=\"6d749ed\" data-element_type=\"column\" data-e-type=\"column\">\n\t\t\t<div class=\"elementor-widget-wrap elementor-element-populated\">\n\t\t\t\t\t\t<div class=\"elementor-element elementor-element-e2319e4 elementor-widget elementor-widget-gaspard_core_restaurant_menu_list\" data-id=\"e2319e4\" data-element_type=\"widget\" data-e-type=\"widget\" data-widget_type=\"gaspard_core_restaurant_menu_list.default\">\n\t\t\t\t<div class=\"elementor-widget-container\">\n\t\t\t\t\t<div class=\"qodef-shortcode qodef-m  qodef-restaurant-menu-list qodef-skin--light qodef-grid qodef-layout--columns  qodef-gutter--normal qodef-col-num--1  qodef-item-layout--info-standard qodef-responsive--predefined\">\n\t<div class=\"qodef-grid-inner clear\">\n\t\t<div class=\"qodef-e qodef-grid-item\">\n\t\t<div class=\"qodef-e-inner\">\n\t\t<div class=\"qodef-e-heading\">\n\t\t\t<h5 class=\"qodef-e-heading-title\">\n\t\t\t\tQueque de manzana invisible\t\t\t<\/h5>\n\t\t\t<div class=\"qodef-e-heading-line\"><\/div>\n\t\t\t\t\t\t\t<p class=\"qodef-e-heading-price\">\u00a22495<\/p>\n\t\t\t\t\t<\/div>\n\t\t\t\t\t<p class=\"qodef-e-description\">\n\t\t\t\t+bourbon caramel drizzle\t\t\t<\/p>\n\t\t\t<\/div>\n<\/div>\n\n<div class=\"qodef-e qodef-grid-item\">\n\t\t<div class=\"qodef-e-inner\">\n\t\t<div class=\"qodef-e-heading\">\n\t\t\t<h5 class=\"qodef-e-heading-title\">\n\t\t\t\tQueque de banano y miso\t\t\t<\/h5>\n\t\t\t<div class=\"qodef-e-heading-line\"><\/div>\n\t\t\t\t\t\t\t<p class=\"qodef-e-heading-price\">\u00a22495<\/p>\n\t\t\t\t\t<\/div>\n\t\t\t\t\t<p class=\"qodef-e-description\">\n\t\t\t\t+whip de mascarpone y salted caramel\t\t\t<\/p>\n\t\t\t<\/div>\n<\/div>\n\n<div class=\"qodef-e qodef-grid-item\">\n\t\t<div class=\"qodef-e-inner\">\n\t\t<div class=\"qodef-e-heading\">\n\t\t\t<h5 class=\"qodef-e-heading-title\">\n\t\t\t\tGalleta funfetti\t\t\t<\/h5>\n\t\t\t<div class=\"qodef-e-heading-line\"><\/div>\n\t\t\t\t\t\t\t<p class=\"qodef-e-heading-price\">\u00a21595<\/p>\n\t\t\t\t\t<\/div>\n\t\t\t<\/div>\n<\/div>\n\n\t<\/div>\n<\/div>\t\t\t\t<\/div>\n\t\t\t\t<\/div>\n\t\t\t\t\t<\/div>\n\t\t<\/div>\n\t\t\t\t\t<\/div>\n\t\t<\/section>\n\t\t\t\t<section class=\"elementor-section elementor-top-section elementor-element elementor-element-44f1c45 elementor-section-full_width qodef-elementor-content-grid elementor-section-height-default elementor-section-height-default\" data-id=\"44f1c45\" data-element_type=\"section\" data-e-type=\"section\" data-settings=\"{&quot;background_background&quot;:&quot;classic&quot;}\">\n\t\t\t\t\t\t<div class=\"elementor-container elementor-column-gap-no\">\n\t\t\t\t\t<div class=\"elementor-column elementor-col-100 elementor-top-column elementor-element elementor-element-acacab3\" data-id=\"acacab3\" data-element_type=\"column\" data-e-type=\"column\">\n\t\t\t<div class=\"elementor-widget-wrap elementor-element-populated\">\n\t\t\t\t\t\t<div class=\"elementor-element elementor-element-704527f3 elementor-widget__width-auto elementor-widget elementor-widget-gaspard_core_custom_font\" data-id=\"704527f3\" data-element_type=\"widget\" data-e-type=\"widget\" data-widget_type=\"gaspard_core_custom_font.default\">\n\t\t\t\t<div class=\"elementor-widget-container\">\n\t\t\t\t\t<h1 class=\"qodef-shortcode qodef-m  qodef-custom-font qodef-custom-font-1 qodef-layout--simple\" style=\"color: #FFFFFF;font-family: Italiana;font-size: 120px;letter-spacing: 0.15em;text-transform: uppercase\">Josefina<\/h1>\t\t\t\t<\/div>\n\t\t\t\t<\/div>\n\t\t\t\t<div class=\"elementor-element elementor-element-5e2666eb elementor-widget__width-inherit elementor-widget elementor-widget-gaspard_core_video_button\" data-id=\"5e2666eb\" data-element_type=\"widget\" data-e-type=\"widget\" data-widget_type=\"gaspard_core_video_button.default\">\n\t\t\t\t<div class=\"elementor-widget-container\">\n\t\t\t\t\t<div class=\"qodef-shortcode qodef-m  qodef-video-button qodef-video-button--animate-out \">\n\t    <div class=\"qodef-m-image\">\n\t\t    <\/div>\n\t\t<a itemprop=\"url\" class=\"qodef-m-play qodef-magnific-popup qodef-popup-item\"  href=\"https:\/\/vimeo.com\/217239683\" data-type=\"iframe\">\n\t\t<div class=\"qodef-m-play-text-holder\">\n\t\t\t<span class=\"qodef-m-play-icon\"><\/span>\n\t\t\t<span class=\"qodef-m-play-text\">Play Video<\/span>\n\t\t<\/div>\n\t\t<div class=\"qodef-m-play-hover-text-holder\">\n\t\t\t<span class=\"qodef-m-play-icon\"><\/span>\n\t\t\t<span class=\"qodef-m-play-text\">Play Video<\/span>\n\t\t<\/div>\n\t<\/a>\n<\/div>\t\t\t\t<\/div>\n\t\t\t\t<\/div>\n\t\t\t\t\t<\/div>\n\t\t<\/div>\n\t\t\t\t\t<\/div>\n\t\t<\/section>\n\t\t\t\t<section class=\"elementor-section elementor-top-section elementor-element elementor-element-ff14723 elementor-section-full_width qodef-elementor-content-grid elementor-section-height-default elementor-section-height-default\" data-id=\"ff14723\" data-element_type=\"section\" data-e-type=\"section\">\n\t\t\t\t\t\t<div class=\"elementor-container elementor-column-gap-no\">\n\t\t\t\t\t<div class=\"elementor-column elementor-col-100 elementor-top-column elementor-element elementor-element-748c8d5\" data-id=\"748c8d5\" data-element_type=\"column\" data-e-type=\"column\">\n\t\t\t<div class=\"elementor-widget-wrap elementor-element-populated\">\n\t\t\t\t\t\t<div class=\"elementor-element elementor-element-70fb67f elementor-widget elementor-widget-gaspard_core_section_title\" data-id=\"70fb67f\" data-element_type=\"widget\" data-e-type=\"widget\" data-widget_type=\"gaspard_core_section_title.default\">\n\t\t\t\t<div class=\"elementor-widget-container\">\n\t\t\t\t\t<div class=\"qodef-shortcode qodef-m  qodef-section-title qodef-alignment--center  qodef--has-appear\">\n\t\t<h3 class=\"qodef-m-title\" style=\"color: #F1EEDD\">\n\tMen\u00fa de Caf\u00e9\t<\/h3>\n\t\t<p class=\"qodef-m-subtitle\" style=\"margin-top: -5px;padding: 0 31%\">Nuestra variedad de caf\u00e9s y especialidades<\/p>\n\t\t\t<\/div>\t\t\t\t<\/div>\n\t\t\t\t<\/div>\n\t\t\t\t\t<\/div>\n\t\t<\/div>\n\t\t\t\t\t<\/div>\n\t\t<\/section>\n\t\t\t\t<section class=\"elementor-section elementor-top-section elementor-element elementor-element-c9f4628 elementor-section-full_width qodef-elementor-content-grid elementor-section-height-default elementor-section-height-default\" data-id=\"c9f4628\" data-element_type=\"section\" data-e-type=\"section\">\n\t\t\t\t\t\t<div class=\"elementor-container elementor-column-gap-no\">\n\t\t\t\t\t<div class=\"elementor-column elementor-col-50 elementor-top-column elementor-element elementor-element-9a01a75\" data-id=\"9a01a75\" data-element_type=\"column\" data-e-type=\"column\">\n\t\t\t<div class=\"elementor-widget-wrap elementor-element-populated\">\n\t\t\t\t\t\t<div class=\"elementor-element elementor-element-077386a elementor-widget elementor-widget-gaspard_core_restaurant_menu_list\" data-id=\"077386a\" data-element_type=\"widget\" data-e-type=\"widget\" data-widget_type=\"gaspard_core_restaurant_menu_list.default\">\n\t\t\t\t<div class=\"elementor-widget-container\">\n\t\t\t\t\t<div class=\"qodef-shortcode qodef-m  qodef-restaurant-menu-list qodef-skin--light qodef-grid qodef-layout--columns  qodef-gutter--normal qodef-col-num--1  qodef-item-layout--info-standard qodef-responsive--predefined\">\n\t<div class=\"qodef-grid-inner clear\">\n\t\t<div class=\"qodef-e qodef-grid-item\">\n\t\t\t<div class=\"qodef-e-image\">\n\t\t\t<img loading=\"lazy\" decoding=\"async\" width=\"36\" height=\"43\" src=\"https:\/\/josefina.combai.cr\/wp-content\/uploads\/2020\/04\/macchiatto.png\" class=\"attachment-post-thumbnail size-post-thumbnail wp-post-image\" alt=\"\" \/>\t\t<\/div>\n\t\t<div class=\"qodef-e-inner\">\n\t\t<div class=\"qodef-e-heading\">\n\t\t\t<h5 class=\"qodef-e-heading-title\">\n\t\t\t\tLatte\t\t\t<\/h5>\n\t\t\t<div class=\"qodef-e-heading-line\"><\/div>\n\t\t\t\t\t\t\t<p class=\"qodef-e-heading-price\">\u00a22495<\/p>\n\t\t\t\t\t<\/div>\n\t\t\t<\/div>\n<\/div>\n\n<div class=\"qodef-e qodef-grid-item\">\n\t\t\t<div class=\"qodef-e-image\">\n\t\t\t<img loading=\"lazy\" decoding=\"async\" width=\"36\" height=\"43\" src=\"https:\/\/josefina.combai.cr\/wp-content\/uploads\/2020\/04\/latte.png\" class=\"attachment-post-thumbnail size-post-thumbnail wp-post-image\" alt=\"\" \/>\t\t<\/div>\n\t\t<div class=\"qodef-e-inner\">\n\t\t<div class=\"qodef-e-heading\">\n\t\t\t<h5 class=\"qodef-e-heading-title\">\n\t\t\t\tMachiato\t\t\t<\/h5>\n\t\t\t<div class=\"qodef-e-heading-line\"><\/div>\n\t\t\t\t\t\t\t<p class=\"qodef-e-heading-price\">\u00a21695<\/p>\n\t\t\t\t\t<\/div>\n\t\t\t<\/div>\n<\/div>\n\n<div class=\"qodef-e qodef-grid-item\">\n\t\t\t<div class=\"qodef-e-image\">\n\t\t\t<img loading=\"lazy\" decoding=\"async\" width=\"45\" height=\"46\" src=\"https:\/\/josefina.combai.cr\/wp-content\/uploads\/2020\/03\/coffee-2.png\" class=\"attachment-post-thumbnail size-post-thumbnail wp-post-image\" alt=\"coffee 2\" \/>\t\t<\/div>\n\t\t<div class=\"qodef-e-inner\">\n\t\t<div class=\"qodef-e-heading\">\n\t\t\t<h5 class=\"qodef-e-heading-title\">\n\t\t\t\tCortado\t\t\t<\/h5>\n\t\t\t<div class=\"qodef-e-heading-line\"><\/div>\n\t\t\t\t\t\t\t<p class=\"qodef-e-heading-price\">\u00a21795<\/p>\n\t\t\t\t\t<\/div>\n\t\t\t<\/div>\n<\/div>\n\n<div class=\"qodef-e qodef-grid-item\">\n\t\t\t<div class=\"qodef-e-image\">\n\t\t\t\t\t<\/div>\n\t\t<div class=\"qodef-e-inner\">\n\t\t<div class=\"qodef-e-heading\">\n\t\t\t<h5 class=\"qodef-e-heading-title\">\n\t\t\t\tMocha\t\t\t<\/h5>\n\t\t\t<div class=\"qodef-e-heading-line\"><\/div>\n\t\t\t\t\t\t\t<p class=\"qodef-e-heading-price\">\u00a23295<\/p>\n\t\t\t\t\t<\/div>\n\t\t\t<\/div>\n<\/div>\n\n<div class=\"qodef-e qodef-grid-item\">\n\t\t\t<div class=\"qodef-e-image\">\n\t\t\t<img loading=\"lazy\" decoding=\"async\" width=\"36\" height=\"43\" src=\"https:\/\/josefina.combai.cr\/wp-content\/uploads\/2020\/03\/cofee-1.png\" class=\"attachment-post-thumbnail size-post-thumbnail wp-post-image\" alt=\"cofee 1\" \/>\t\t<\/div>\n\t\t<div class=\"qodef-e-inner\">\n\t\t<div class=\"qodef-e-heading\">\n\t\t\t<h5 class=\"qodef-e-heading-title\">\n\t\t\t\tEspeciales de temporada\t\t\t<\/h5>\n\t\t\t<div class=\"qodef-e-heading-line\"><\/div>\n\t\t\t\t\t\t\t<p class=\"qodef-e-heading-price\">+\u00a2400<\/p>\n\t\t\t\t\t<\/div>\n\t\t\t\t\t<p class=\"qodef-e-description\">\n\t\t\t\tBanana bread latte \u00b7 Pumpkin spice latte \u00b7  Brown sugar vanilla latte\t\t\t<\/p>\n\t\t\t<\/div>\n<\/div>\n\n\t<\/div>\n<\/div>\t\t\t\t<\/div>\n\t\t\t\t<\/div>\n\t\t\t\t\t<\/div>\n\t\t<\/div>\n\t\t\t\t<div class=\"elementor-column elementor-col-50 elementor-top-column elementor-element elementor-element-b78ba85\" data-id=\"b78ba85\" data-element_type=\"column\" data-e-type=\"column\">\n\t\t\t<div class=\"elementor-widget-wrap elementor-element-populated\">\n\t\t\t\t\t\t<div class=\"elementor-element elementor-element-1e7dc55 elementor-widget elementor-widget-gaspard_core_restaurant_menu_list\" data-id=\"1e7dc55\" data-element_type=\"widget\" data-e-type=\"widget\" data-widget_type=\"gaspard_core_restaurant_menu_list.default\">\n\t\t\t\t<div class=\"elementor-widget-container\">\n\t\t\t\t\t<div class=\"qodef-shortcode qodef-m  qodef-restaurant-menu-list qodef-skin--light qodef-grid qodef-layout--columns  qodef-gutter--normal qodef-col-num--1  qodef-item-layout--info-standard qodef-responsive--predefined\">\n\t<div class=\"qodef-grid-inner clear\">\n\t\t<div class=\"qodef-e qodef-grid-item\">\n\t\t\t<div class=\"qodef-e-image\">\n\t\t\t\t\t<\/div>\n\t\t<div class=\"qodef-e-inner\">\n\t\t<div class=\"qodef-e-heading\">\n\t\t\t<h5 class=\"qodef-e-heading-title\">\n\t\t\t\tCapuccino\t\t\t<\/h5>\n\t\t\t<div class=\"qodef-e-heading-line\"><\/div>\n\t\t\t\t\t\t\t<p class=\"qodef-e-heading-price\">\u00a22595<\/p>\n\t\t\t\t\t<\/div>\n\t\t\t<\/div>\n<\/div>\n\n<div class=\"qodef-e qodef-grid-item\">\n\t\t\t<div class=\"qodef-e-image\">\n\t\t\t\t\t<\/div>\n\t\t<div class=\"qodef-e-inner\">\n\t\t<div class=\"qodef-e-heading\">\n\t\t\t<h5 class=\"qodef-e-heading-title\">\n\t\t\t\tAmericano\t\t\t<\/h5>\n\t\t\t<div class=\"qodef-e-heading-line\"><\/div>\n\t\t\t\t\t\t\t<p class=\"qodef-e-heading-price\">\u00a22195<\/p>\n\t\t\t\t\t<\/div>\n\t\t\t<\/div>\n<\/div>\n\n<div class=\"qodef-e qodef-grid-item\">\n\t\t\t<div class=\"qodef-e-image\">\n\t\t\t<img loading=\"lazy\" decoding=\"async\" width=\"36\" height=\"43\" src=\"https:\/\/josefina.combai.cr\/wp-content\/uploads\/2020\/04\/cold-brew.png\" class=\"attachment-post-thumbnail size-post-thumbnail wp-post-image\" alt=\"\" \/>\t\t<\/div>\n\t\t<div class=\"qodef-e-inner\">\n\t\t<div class=\"qodef-e-heading\">\n\t\t\t<h5 class=\"qodef-e-heading-title\">\n\t\t\t\tCold Brew\t\t\t<\/h5>\n\t\t\t<div class=\"qodef-e-heading-line\"><\/div>\n\t\t\t\t\t\t\t<p class=\"qodef-e-heading-price\">\u00a22696<\/p>\n\t\t\t\t\t<\/div>\n\t\t\t<\/div>\n<\/div>\n\n<div class=\"qodef-e qodef-grid-item\">\n\t\t\t<div class=\"qodef-e-image\">\n\t\t\t\t\t<\/div>\n\t\t<div class=\"qodef-e-inner\">\n\t\t<div class=\"qodef-e-heading\">\n\t\t\t<h5 class=\"qodef-e-heading-title\">\n\t\t\t\tEspresso\t\t\t<\/h5>\n\t\t\t<div class=\"qodef-e-heading-line\"><\/div>\n\t\t\t\t\t\t\t<p class=\"qodef-e-heading-price\">\u00a21795<\/p>\n\t\t\t\t\t<\/div>\n\t\t\t<\/div>\n<\/div>\n\n\t<\/div>\n<\/div>\t\t\t\t<\/div>\n\t\t\t\t<\/div>\n\t\t\t\t\t<\/div>\n\t\t<\/div>\n\t\t\t\t\t<\/div>\n\t\t<\/section>\n\t\t\t\t<\/div>\n\t\t","protected":false},"excerpt":{"rendered":"<p>Caf\u00e9 Nuestras especialidades en caf\u00e9 Reposter\u00eda Dulces acompa\u00f1amientos Refrescos Gaseosas y Kombuchas Reposter\u00eda Dulces acompa\u00f1amientos Cosmic Brownie \u00a21795 Galleta Bark \u00a21595 Man\u00ed, chocolate, ritz, caramelo Galleta de chips de chocolate \u00a21595 Queque de manzana invisible \u00a22495 +bourbon caramel drizzle Queque de banano y miso \u00a22495 +whip de mascarpone y salted caramel Galleta funfetti \u00a21595 Josefina [&hellip;]<\/p>\n","protected":false},"author":1,"featured_media":0,"parent":0,"menu_order":0,"comment_status":"closed","ping_status":"closed","template":"page-full-width.php","meta":{"footnotes":""},"class_list":["post-361","page","type-page","status-publish","hentry"],"_links":{"self":[{"href":"https:\/\/josefina.combai.cr\/index.php?rest_route=\/wp\/v2\/pages\/361","targetHints":{"allow":["GET"]}}],"collection":[{"href":"https:\/\/josefina.combai.cr\/index.php?rest_route=\/wp\/v2\/pages"}],"about":[{"href":"https:\/\/josefina.combai.cr\/index.php?rest_route=\/wp\/v2\/types\/page"}],"author":[{"embeddable":true,"href":"https:\/\/josefina.combai.cr\/index.php?rest_route=\/wp\/v2\/users\/1"}],"replies":[{"embeddable":true,"href":"https:\/\/josefina.combai.cr\/index.php?rest_route=%2Fwp%2Fv2%2Fcomments&post=361"}],"version-history":[{"count":7,"href":"https:\/\/josefina.combai.cr\/index.php?rest_route=\/wp\/v2\/pages\/361\/revisions"}],"predecessor-version":[{"id":3528,"href":"https:\/\/josefina.combai.cr\/index.php?rest_route=\/wp\/v2\/pages\/361\/revisions\/3528"}],"wp:attachment":[{"href":"https:\/\/josefina.combai.cr\/index.php?rest_route=%2Fwp%2Fv2%2Fmedia&parent=361"}],"curies":[{"name":"wp","href":"https:\/\/api.w.org\/{rel}","templated":true}]}}